{"id":2573,"date":"2024-07-06T08:42:37","date_gmt":"2024-07-06T08:42:37","guid":{"rendered":"https:\/\/catedratelefonicauma.es\/?page_id=2573"},"modified":"2024-07-06T08:43:43","modified_gmt":"2024-07-06T08:43:43","slug":"pedro-j-plaza-gonzalez","status":"publish","type":"page","link":"https:\/\/catedratelefonicauma.es\/en\/pedro-j-plaza-gonzalez\/","title":{"rendered":"Pedro J. Plaza Gonz\u00e1lez"},"content":{"rendered":"<div id='av_section_1'  class='avia-section av-8n2ee1-9622e5c1e80fefcecd81cd00cf5124e0 main_color avia-section-default avia-no-border-styling  avia-builder-el-0  avia-builder-el-no-sibling  add-lateral-padding avia-bg-style-scroll container_wrap sidebar_right'  ><div class='container av-section-cont-open' ><main  role=\"main\" itemprop=\"mainContentOfPage\"  class='template-page content  av-content-small alpha units'><div class='post-entry post-entry-type-page post-entry-2573'><div class='entry-content-wrapper clearfix'>\n<div  class='flex_column av-5q61bd-0faf15bccde15dab1ce636518683af35 av_one_fourth  avia-builder-el-1  el_before_av_three_fourth  avia-builder-el-first  first flex_column_div'     ><style type=\"text\/css\" data-created_by=\"avia_inline_auto\" id=\"style-css-av-lxrcc0ue-d778fe34d62048ca91054c8867a7557e\">\n.avia-image-container.av-lxrcc0ue-d778fe34d62048ca91054c8867a7557e img.avia_image{\nbox-shadow:none;\n}\n.avia-image-container.av-lxrcc0ue-d778fe34d62048ca91054c8867a7557e .av-image-caption-overlay-center{\ncolor:#ffffff;\n}\n<\/style>\n<div  class='avia-image-container av-lxrcc0ue-d778fe34d62048ca91054c8867a7557e av-styling- avia-align-center  avia-builder-el-2  avia-builder-el-no-sibling'   itemprop=\"image\" itemscope=\"itemscope\" itemtype=\"https:\/\/schema.org\/ImageObject\" ><div class=\"avia-image-container-inner\"><div class=\"avia-image-overlay-wrap\"><img decoding=\"async\" fetchpriority=\"high\" class='wp-image-2574 avia-img-lazy-loading-not-2574 avia_image' src=\"https:\/\/catedratelefonicauma.es\/wp-content\/uploads\/2024\/07\/Pedro-J-Plaza-Gonzalez.jpg\" alt='' title='Pedro J Plaza Gonzalez'  height=\"400\" width=\"400\"  itemprop=\"thumbnailUrl\" srcset=\"https:\/\/catedratelefonicauma.es\/wp-content\/uploads\/2024\/07\/Pedro-J-Plaza-Gonzalez.jpg 400w, https:\/\/catedratelefonicauma.es\/wp-content\/uploads\/2024\/07\/Pedro-J-Plaza-Gonzalez-300x300.jpg 300w, https:\/\/catedratelefonicauma.es\/wp-content\/uploads\/2024\/07\/Pedro-J-Plaza-Gonzalez-80x80.jpg 80w, https:\/\/catedratelefonicauma.es\/wp-content\/uploads\/2024\/07\/Pedro-J-Plaza-Gonzalez-36x36.jpg 36w, https:\/\/catedratelefonicauma.es\/wp-content\/uploads\/2024\/07\/Pedro-J-Plaza-Gonzalez-180x180.jpg 180w\" sizes=\"(max-width: 400px) 100vw, 400px\" \/><\/div><\/div><\/div><\/div><div  class='flex_column av-3qng4p-df72b2615509d4d289ae2f04a924519c av_three_fourth  avia-builder-el-3  el_after_av_one_fourth  avia-builder-el-last  flex_column_div'     ><p>\n<style type=\"text\/css\" data-created_by=\"avia_inline_auto\" id=\"style-css-av-7n23q1-880caca46c3673ab93c8b395db713b76\">\n#top .av-special-heading.av-7n23q1-880caca46c3673ab93c8b395db713b76{\npadding-bottom:10px;\n}\nbody .av-special-heading.av-7n23q1-880caca46c3673ab93c8b395db713b76 .av-special-heading-tag .heading-char{\nfont-size:25px;\n}\n.av-special-heading.av-7n23q1-880caca46c3673ab93c8b395db713b76 .av-subheading{\nfont-size:15px;\n}\n<\/style>\n<div  class='av-special-heading av-7n23q1-880caca46c3673ab93c8b395db713b76 av-special-heading-h2 blockquote modern-quote  avia-builder-el-4  el_before_av_textblock  avia-builder-el-first'><h2 class='av-special-heading-tag'  itemprop=\"headline\"  >Pedro J. Plaza Gonz\u00e1lez<\/h2><div class='av-subheading av-subheading_below'><p>Coordinator of STEAM-H discussions<\/p>\n<\/div><div class=\"special-heading-border\"><div class=\"special-heading-inner-border\"><\/div><\/div><\/div><br \/>\n<section  class='av_textblock_section av-38xsvt-58fcd38fa8f9cd966c8402540244b3b9'   itemscope=\"itemscope\" itemtype=\"https:\/\/schema.org\/CreativeWork\" ><div class='avia_textblock'  itemprop=\"text\" ><p>PhD in Hispanic Philology from the University of Malaga. He has been a FPU researcher at the University of M\u00e1laga, teaching Spanish Literature: Poetry and Spanish Literature of the Golden Age. He has been a teacher at ASA M\u00e1laga since 2018 and has given workshops on theatre, film, debate and travel. In 2021 he won the Malaga Research Prize for his essay El poeta y el caleidoscopio: Lecturas m\u00faltiples en \u00abEl poema de Tob\u00edas desangelado\u00bb by Antonio Gala.<\/p>\n<p>She has been a member of the XXI promotion of the Antonio Gala Foundation for Young Creators of Cordoba during the academic year 2022\/2023 thanks to her extraordinary research grant. He has completed his doctoral thesis on Gala's poetic work, entitled Tradici\u00f3n y modernidad en la poes\u00eda de Antonio Gala: Ex\u00e9gesis y relecci\u00f3n desde su obra total. Since 2020 he has been editorial director of El Toro Celeste and since 2021 editor in Italy of Quaderni Mediterranei, together with Silvestro Neri and Lorenzo Cittadini. In 2022 he won the VIII Premio Valpara\u00edso de Poes\u00eda for his collection of poems Matriz.<\/p>\n<\/div><\/section><\/p><\/div><\/div><\/div><\/main><!-- close content main element --><\/div><\/div><div id='after_section_1'  class='main_color av_default_container_wrap container_wrap sidebar_right'  ><div class='container av-section-cont-open' ><div class='template-page content  av-content-small alpha units'><div class='post-entry post-entry-type-page post-entry-2573'><div class='entry-content-wrapper clearfix'>","protected":false},"excerpt":{"rendered":"","protected":false},"author":1,"featured_media":0,"parent":0,"menu_order":0,"comment_status":"closed","ping_status":"closed","template":"template-blank.php","meta":{"footnotes":""},"class_list":["post-2573","page","type-page","status-publish","hentry"],"_links":{"self":[{"href":"https:\/\/catedratelefonicauma.es\/en\/wp-json\/wp\/v2\/pages\/2573","targetHints":{"allow":["GET"]}}],"collection":[{"href":"https:\/\/catedratelefonicauma.es\/en\/wp-json\/wp\/v2\/pages"}],"about":[{"href":"https:\/\/catedratelefonicauma.es\/en\/wp-json\/wp\/v2\/types\/page"}],"author":[{"embeddable":true,"href":"https:\/\/catedratelefonicauma.es\/en\/wp-json\/wp\/v2\/users\/1"}],"replies":[{"embeddable":true,"href":"https:\/\/catedratelefonicauma.es\/en\/wp-json\/wp\/v2\/comments?post=2573"}],"version-history":[{"count":1,"href":"https:\/\/catedratelefonicauma.es\/en\/wp-json\/wp\/v2\/pages\/2573\/revisions"}],"predecessor-version":[{"id":3289,"href":"https:\/\/catedratelefonicauma.es\/en\/wp-json\/wp\/v2\/pages\/2573\/revisions\/3289"}],"wp:attachment":[{"href":"https:\/\/catedratelefonicauma.es\/en\/wp-json\/wp\/v2\/media?parent=2573"}],"curies":[{"name":"wp","href":"https:\/\/api.w.org\/{rel}","templated":true}]}}