{"id":2657,"date":"2024-07-31T09:07:31","date_gmt":"2024-07-31T09:07:31","guid":{"rendered":"https:\/\/catedratelefonicauma.es\/?page_id=2657"},"modified":"2026-03-08T10:12:00","modified_gmt":"2026-03-08T10:12:00","slug":"rafael-godoy","status":"publish","type":"page","link":"https:\/\/catedratelefonicauma.es\/en\/rafael-godoy\/","title":{"rendered":"Rafael Godoy"},"content":{"rendered":"<div id='av_section_1'  class='avia-section av-8n2ee1-9622e5c1e80fefcecd81cd00cf5124e0 main_color avia-section-default avia-no-border-styling  avia-builder-el-0  avia-builder-el-no-sibling  add-lateral-padding avia-bg-style-scroll container_wrap sidebar_right'  ><div class='container av-section-cont-open' ><main  role=\"main\" itemprop=\"mainContentOfPage\"  class='template-page content  av-content-small alpha units'><div class='post-entry post-entry-type-page post-entry-2657'><div class='entry-content-wrapper clearfix'>\n<div  class='flex_column av-5q61bd-0faf15bccde15dab1ce636518683af35 av_one_fourth  avia-builder-el-1  el_before_av_three_fourth  avia-builder-el-first  first flex_column_div'     ><style type=\"text\/css\" data-created_by=\"avia_inline_auto\" id=\"style-css-av-m45iarlg-4c08744228a9533b3ecf55b2925420ed\">\n.avia-image-container.av-m45iarlg-4c08744228a9533b3ecf55b2925420ed img.avia_image{\nbox-shadow:none;\n}\n.avia-image-container.av-m45iarlg-4c08744228a9533b3ecf55b2925420ed .av-image-caption-overlay-center{\ncolor:#ffffff;\n}\n<\/style>\n<div  class='avia-image-container av-m45iarlg-4c08744228a9533b3ecf55b2925420ed av-styling- avia-align-center  avia-builder-el-2  avia-builder-el-no-sibling'   itemprop=\"image\" itemscope=\"itemscope\" itemtype=\"https:\/\/schema.org\/ImageObject\" ><div class=\"avia-image-container-inner\"><div class=\"avia-image-overlay-wrap\"><img decoding=\"async\" fetchpriority=\"high\" class='wp-image-2841 avia-img-lazy-loading-not-2841 avia_image' src=\"https:\/\/catedratelefonicauma.es\/wp-content\/uploads\/2024\/12\/Rafael-Godoy.jpg\" alt='' title='Rafael Godoy'  height=\"500\" width=\"500\"  itemprop=\"thumbnailUrl\" srcset=\"https:\/\/catedratelefonicauma.es\/wp-content\/uploads\/2024\/12\/Rafael-Godoy.jpg 500w, https:\/\/catedratelefonicauma.es\/wp-content\/uploads\/2024\/12\/Rafael-Godoy-300x300.jpg 300w, https:\/\/catedratelefonicauma.es\/wp-content\/uploads\/2024\/12\/Rafael-Godoy-80x80.jpg 80w, https:\/\/catedratelefonicauma.es\/wp-content\/uploads\/2024\/12\/Rafael-Godoy-36x36.jpg 36w, https:\/\/catedratelefonicauma.es\/wp-content\/uploads\/2024\/12\/Rafael-Godoy-180x180.jpg 180w\" sizes=\"(max-width: 500px) 100vw, 500px\" \/><\/div><\/div><\/div><\/div><div  class='flex_column av-3qng4p-df72b2615509d4d289ae2f04a924519c av_three_fourth  avia-builder-el-3  el_after_av_one_fourth  avia-builder-el-last  flex_column_div'     ><p>\n<style type=\"text\/css\" data-created_by=\"avia_inline_auto\" id=\"style-css-av-7n23q1-b0d34f28f2fb642e0e0cf6cdd9126330\">\n#top .av-special-heading.av-7n23q1-b0d34f28f2fb642e0e0cf6cdd9126330{\npadding-bottom:10px;\n}\nbody .av-special-heading.av-7n23q1-b0d34f28f2fb642e0e0cf6cdd9126330 .av-special-heading-tag .heading-char{\nfont-size:25px;\n}\n.av-special-heading.av-7n23q1-b0d34f28f2fb642e0e0cf6cdd9126330 .av-subheading{\nfont-size:15px;\n}\n<\/style>\n<div  class='av-special-heading av-7n23q1-b0d34f28f2fb642e0e0cf6cdd9126330 av-special-heading-h2 blockquote modern-quote  avia-builder-el-4  el_before_av_textblock  avia-builder-el-first'><h2 class='av-special-heading-tag'  itemprop=\"headline\"  >Rafael Godoy<\/h2><div class='av-subheading av-subheading_below'><p>DIRECTOR OF THE SCHOOL OF TELECOMMUNICATION ENGINEERING<\/p>\n<\/div><div class=\"special-heading-border\"><div class=\"special-heading-inner-border\"><\/div><\/div><\/div><br \/>\n<section  class='av_textblock_section av-38xsvt-58fcd38fa8f9cd966c8402540244b3b9'   itemscope=\"itemscope\" itemtype=\"https:\/\/schema.org\/CreativeWork\" ><div class='avia_textblock'  itemprop=\"text\" ><p>Ingeniero de Telecomunicaci\u00f3n por la Universidad de M\u00e1laga y Doctor en F\u00edsica por la Universidad de Granada. En la actualidad, es profesor del Departamento de Ingenier\u00eda de Comunicaciones de la Universidad de M\u00e1laga y miembro del Instituto Universitario de Investigaci\u00f3n en Telecomunicaci\u00f3n (TELMA) y del Photonics&amp;RF Reserach Lab. Sus intereses de investigaci\u00f3n se centran en el electromagnetismo computacional y su aplicaci\u00f3n a la fot\u00f3nica integrada. Adem\u00e1s de en proyectos de investigaci\u00f3n con financiaci\u00f3n p\u00fablica, ha participado en distintos proyectos con empresas multinacionales orientados a la transferencia de tecnolog\u00eda en el campo de las tecnolog\u00edas de comunicaci\u00f3n. Como experto en tecnolog\u00edas de telecomunicaci\u00f3n, participa en la la Red mundial de objetivos vulnerables de la Oficina de las Naciones Unidas contra el Terrorismo (UNOCT).<\/p>\n<p>He has been Director of the Department of Communications Engineering and is currently Director of the School of Telecommunications Engineering at the University of Malaga.<\/p>\n<\/div><\/section><\/p><\/div><\/div><\/div><\/main><!-- close content main element --><\/div><\/div><div id='after_section_1'  class='main_color av_default_container_wrap container_wrap sidebar_right'  ><div class='container av-section-cont-open' ><div class='template-page content  av-content-small alpha units'><div class='post-entry post-entry-type-page post-entry-2657'><div class='entry-content-wrapper clearfix'>","protected":false},"excerpt":{"rendered":"","protected":false},"author":2,"featured_media":0,"parent":0,"menu_order":0,"comment_status":"closed","ping_status":"closed","template":"template-blank.php","meta":{"footnotes":""},"class_list":["post-2657","page","type-page","status-publish","hentry"],"_links":{"self":[{"href":"https:\/\/catedratelefonicauma.es\/en\/wp-json\/wp\/v2\/pages\/2657","targetHints":{"allow":["GET"]}}],"collection":[{"href":"https:\/\/catedratelefonicauma.es\/en\/wp-json\/wp\/v2\/pages"}],"about":[{"href":"https:\/\/catedratelefonicauma.es\/en\/wp-json\/wp\/v2\/types\/page"}],"author":[{"embeddable":true,"href":"https:\/\/catedratelefonicauma.es\/en\/wp-json\/wp\/v2\/users\/2"}],"replies":[{"embeddable":true,"href":"https:\/\/catedratelefonicauma.es\/en\/wp-json\/wp\/v2\/comments?post=2657"}],"version-history":[{"count":4,"href":"https:\/\/catedratelefonicauma.es\/en\/wp-json\/wp\/v2\/pages\/2657\/revisions"}],"predecessor-version":[{"id":3879,"href":"https:\/\/catedratelefonicauma.es\/en\/wp-json\/wp\/v2\/pages\/2657\/revisions\/3879"}],"wp:attachment":[{"href":"https:\/\/catedratelefonicauma.es\/en\/wp-json\/wp\/v2\/media?parent=2657"}],"curies":[{"name":"wp","href":"https:\/\/api.w.org\/{rel}","templated":true}]}}