{"id":2851,"date":"2024-12-02T10:06:09","date_gmt":"2024-12-02T10:06:09","guid":{"rendered":"https:\/\/catedratelefonicauma.es\/?page_id=2851"},"modified":"2025-04-14T16:09:37","modified_gmt":"2025-04-14T16:09:37","slug":"maria-ortiz-tello","status":"publish","type":"page","link":"https:\/\/catedratelefonicauma.es\/en\/maria-ortiz-tello\/","title":{"rendered":"Maria Ortiz Tello"},"content":{"rendered":"<div id='av_section_1'  class='avia-section av-8n2ee1-9622e5c1e80fefcecd81cd00cf5124e0 main_color avia-section-default avia-no-border-styling  avia-builder-el-0  avia-builder-el-no-sibling  add-lateral-padding avia-bg-style-scroll container_wrap sidebar_right'  ><div class='container av-section-cont-open' ><main  role=\"main\" itemprop=\"mainContentOfPage\"  class='template-page content  av-content-small alpha units'><div class='post-entry post-entry-type-page post-entry-2851'><div class='entry-content-wrapper clearfix'>\n<div  class='flex_column av-5q61bd-0faf15bccde15dab1ce636518683af35 av_one_fourth  avia-builder-el-1  el_before_av_three_fourth  avia-builder-el-first  first flex_column_div'     ><style type=\"text\/css\" data-created_by=\"avia_inline_auto\" id=\"style-css-av-lxrcc0ue-f3b6c610c1c541fd1f158b0313c35175\">\n.avia-image-container.av-lxrcc0ue-f3b6c610c1c541fd1f158b0313c35175 img.avia_image{\nbox-shadow:none;\n}\n.avia-image-container.av-lxrcc0ue-f3b6c610c1c541fd1f158b0313c35175 .av-image-caption-overlay-center{\ncolor:#ffffff;\n}\n<\/style>\n<div  class='avia-image-container av-lxrcc0ue-f3b6c610c1c541fd1f158b0313c35175 av-styling- avia-align-center  avia-builder-el-2  avia-builder-el-no-sibling'   itemprop=\"image\" itemscope=\"itemscope\" itemtype=\"https:\/\/schema.org\/ImageObject\" ><div class=\"avia-image-container-inner\"><div class=\"avia-image-overlay-wrap\"><img decoding=\"async\" fetchpriority=\"high\" class='wp-image-2852 avia-img-lazy-loading-not-2852 avia_image' src=\"https:\/\/catedratelefonicauma.es\/wp-content\/uploads\/2024\/12\/Imagen-1.jpg\" alt='' title='Image 1'  height=\"256\" width=\"227\"  itemprop=\"thumbnailUrl\"  \/><\/div><\/div><\/div><\/div><div  class='flex_column av-3qng4p-df72b2615509d4d289ae2f04a924519c av_three_fourth  avia-builder-el-3  el_after_av_one_fourth  avia-builder-el-last  flex_column_div'     ><p>\n<style type=\"text\/css\" data-created_by=\"avia_inline_auto\" id=\"style-css-av-7n23q1-59b30b089044614f9077fc65c4bfd3be\">\n#top .av-special-heading.av-7n23q1-59b30b089044614f9077fc65c4bfd3be{\npadding-bottom:10px;\n}\nbody .av-special-heading.av-7n23q1-59b30b089044614f9077fc65c4bfd3be .av-special-heading-tag .heading-char{\nfont-size:25px;\n}\n.av-special-heading.av-7n23q1-59b30b089044614f9077fc65c4bfd3be .av-subheading{\nfont-size:15px;\n}\n<\/style>\n<div  class='av-special-heading av-7n23q1-59b30b089044614f9077fc65c4bfd3be av-special-heading-h2 blockquote modern-quote  avia-builder-el-4  el_before_av_textblock  avia-builder-el-first'><h2 class='av-special-heading-tag'  itemprop=\"headline\"  >Maria Ortiz Tello<\/h2><div class='av-subheading av-subheading_below'><p>PhD in Art History. PSI of the University of Malaga<\/p>\n<\/div><div class=\"special-heading-border\"><div class=\"special-heading-inner-border\"><\/div><\/div><\/div><br \/>\n<section  class='av_textblock_section av-38xsvt-58fcd38fa8f9cd966c8402540244b3b9'   itemscope=\"itemscope\" itemtype=\"https:\/\/schema.org\/CreativeWork\" ><div class='avia_textblock'  itemprop=\"text\" ><p class=\"p1\">Mar\u00eda Ortiz Tello, PhD in Art History. Degree in History of Art (UMA, 2013). Three postgraduate master's degrees. Multiple courses, including a specialisation course in Digital Art History. Member of the research project PID2021-125037NB-I00 and the research group IArtHis_Lab. Contracted researcher for the Agencia P\u00fablica de Estudios Andaluces (2017-2019), for the C\u00e1tedra Picasso-Fundaci\u00f3n M\u00e1laga (2019-2021) and for the FEDER project UMA20-FEDERJA-126 (2022-2023), co-funded by the European Union NextGenerationEU, in charge of the Department of Art History of the University of M\u00e1laga. Currently, member of the support team in the module Planning and development of Webs and Apps, within the modular programme \u00abTechnologies applied to cultural heritage\u00bb, of the UNED, and interim substitute lecturer (PSI) of the Department of History of Art of the University of Malaga. Since 2024 she has been a member of the Telef\u00f3nica Chair 5G Next Generation Networks and Information Technologies.<\/p>\n<\/div><\/section><\/p><\/div><\/div><\/div><\/main><!-- close content main element --><\/div><\/div><div id='after_section_1'  class='main_color av_default_container_wrap container_wrap sidebar_right'  ><div class='container av-section-cont-open' ><div class='template-page content  av-content-small alpha units'><div class='post-entry post-entry-type-page post-entry-2851'><div class='entry-content-wrapper clearfix'>","protected":false},"excerpt":{"rendered":"","protected":false},"author":4,"featured_media":0,"parent":0,"menu_order":0,"comment_status":"closed","ping_status":"closed","template":"template-blank.php","meta":{"footnotes":""},"class_list":["post-2851","page","type-page","status-publish","hentry"],"_links":{"self":[{"href":"https:\/\/catedratelefonicauma.es\/en\/wp-json\/wp\/v2\/pages\/2851","targetHints":{"allow":["GET"]}}],"collection":[{"href":"https:\/\/catedratelefonicauma.es\/en\/wp-json\/wp\/v2\/pages"}],"about":[{"href":"https:\/\/catedratelefonicauma.es\/en\/wp-json\/wp\/v2\/types\/page"}],"author":[{"embeddable":true,"href":"https:\/\/catedratelefonicauma.es\/en\/wp-json\/wp\/v2\/users\/4"}],"replies":[{"embeddable":true,"href":"https:\/\/catedratelefonicauma.es\/en\/wp-json\/wp\/v2\/comments?post=2851"}],"version-history":[{"count":3,"href":"https:\/\/catedratelefonicauma.es\/en\/wp-json\/wp\/v2\/pages\/2851\/revisions"}],"predecessor-version":[{"id":3290,"href":"https:\/\/catedratelefonicauma.es\/en\/wp-json\/wp\/v2\/pages\/2851\/revisions\/3290"}],"wp:attachment":[{"href":"https:\/\/catedratelefonicauma.es\/en\/wp-json\/wp\/v2\/media?parent=2851"}],"curies":[{"name":"wp","href":"https:\/\/api.w.org\/{rel}","templated":true}]}}